{"id":762,"date":"2025-12-28T20:43:04","date_gmt":"2025-12-28T20:43:04","guid":{"rendered":"https:\/\/igh.laborange.com\/?page_id=762"},"modified":"2025-12-28T20:50:41","modified_gmt":"2025-12-28T20:50:41","slug":"genel-goz-muayenesi","status":"publish","type":"page","link":"https:\/\/igh.laborange.com\/index.php\/genel-goz-muayenesi\/","title":{"rendered":"Genel G\u00f6z Muayenesi"},"content":{"rendered":"\t\t<div data-elementor-type=\"wp-page\" data-elementor-id=\"762\" class=\"elementor elementor-762\">\n\t\t\t\t<div class=\"elementor-element elementor-element-f38debd e-con-full e-flex e-con e-parent\" data-id=\"f38debd\" data-element_type=\"container\" data-e-type=\"container\">\n\t\t<div class=\"elementor-element elementor-element-a3a1854 e-con-full e-flex e-con e-child\" data-id=\"a3a1854\" data-element_type=\"container\" data-e-type=\"container\">\n\t\t\t\t<div class=\"elementor-element elementor-element-91240c4 elementor-widget elementor-widget-spacer\" data-id=\"91240c4\" data-element_type=\"widget\" data-e-type=\"widget\" data-widget_type=\"spacer.default\">\n\t\t\t\t\t\t\t<div class=\"elementor-spacer\">\n\t\t\t<div class=\"elementor-spacer-inner\"><\/div>\n\t\t<\/div>\n\t\t\t\t\t\t<\/div>\n\t\t\t\t<div class=\"elementor-element elementor-element-c5a52da elementor-widget elementor-widget-heading\" data-id=\"c5a52da\" data-element_type=\"widget\" data-e-type=\"widget\" data-widget_type=\"heading.default\">\n\t\t\t\t\t<div class=\"elementor-heading-title elementor-size-default\">GENEL G\u00d6Z MUAYENES\u0130<\/div>\t\t\t\t<\/div>\n\t\t\t\t<div class=\"elementor-element elementor-element-1bb3dfb elementor-widget elementor-widget-heading\" data-id=\"1bb3dfb\" data-element_type=\"widget\" data-e-type=\"widget\" data-widget_type=\"heading.default\">\n\t\t\t\t\t<h1 class=\"elementor-heading-title elementor-size-default\">G\u00f6z sa\u011fl\u0131\u011f\u0131n\u0131n de\u011ferlendirilmesine y\u00f6nelik kapsaml\u0131 muayene yakla\u015f\u0131m\u0131<\/h1>\t\t\t\t<\/div>\n\t\t\t\t<\/div>\n\t\t\t\t<\/div>\n\t\t<div class=\"elementor-element elementor-element-b8c956c e-con-full e-flex e-con e-parent\" data-id=\"b8c956c\" data-element_type=\"container\" data-e-type=\"container\">\n\t\t<div class=\"elementor-element elementor-element-501860c e-con-full e-flex e-con e-child\" data-id=\"501860c\" data-element_type=\"container\" data-e-type=\"container\" data-settings=\"{&quot;background_background&quot;:&quot;classic&quot;}\">\n\t\t\t\t<\/div>\n\t\t\t\t<\/div>\n\t\t<div class=\"elementor-element elementor-element-9ef874f e-con-full e-flex e-con e-parent\" data-id=\"9ef874f\" data-element_type=\"container\" data-e-type=\"container\">\n\t\t<div class=\"elementor-element elementor-element-dce3bd6 e-con-full e-flex e-con e-child\" data-id=\"dce3bd6\" data-element_type=\"container\" data-e-type=\"container\">\n\t\t<div class=\"elementor-element elementor-element-356c365 e-con-full e-flex e-con e-child\" data-id=\"356c365\" data-element_type=\"container\" data-e-type=\"container\">\n\t\t\t\t<div class=\"elementor-element elementor-element-ad6d9f7 elementor-widget elementor-widget-hfe-infocard\" data-id=\"ad6d9f7\" data-element_type=\"widget\" data-e-type=\"widget\" data-widget_type=\"hfe-infocard.default\">\n\t\t\t\t<div class=\"elementor-widget-container\">\n\t\t\t\t\t\n\t\t<div class=\"hfe-infocard\">\n\t\t\t\t\t\t\t\t\t<div class=\"hfe-infocard-title-wrap\">\n\t\t\t\t<h2 class=\"hfe-infocard-title elementor-inline-editing\" data-elementor-setting-key=\"infocard_title\" data-elementor-inline-editing-toolbar=\"basic\" >Genel G\u00f6z Muayenesi Nedir?<\/h2>\t\t\t<\/div>\n\t\t\t\t\t\t<div class=\"hfe-infocard-text-wrap\">\n\t\t\t\t<div class=\"hfe-infocard-text elementor-inline-editing\" data-elementor-setting-key=\"infocard_description\" data-elementor-inline-editing-toolbar=\"advanced\">\n\t\t\t\t\tGenel g\u00f6z muayenesi, g\u00f6z sa\u011fl\u0131\u011f\u0131n\u0131n de\u011ferlendirilmesi ve olas\u0131 g\u00f6z hastal\u0131klar\u0131n\u0131n erken d\u00f6nemde tespit edilmesi amac\u0131yla yap\u0131lan kapsaml\u0131 bir incelemedir. G\u00f6rme d\u00fczeyinin belirlenmesinin yan\u0131 s\u0131ra g\u00f6z\u00fcn \u00f6n ve arka segment yap\u0131lar\u0131 ayr\u0131nt\u0131l\u0131 olarak de\u011ferlendirilir.\nD\u00fczenli aral\u0131klarla yap\u0131lan g\u00f6z muayeneleri, g\u00f6z sa\u011fl\u0131\u011f\u0131n\u0131n korunmas\u0131 ve ilerleyici hastal\u0131klar\u0131n erken tan\u0131s\u0131 a\u00e7\u0131s\u0131ndan \u00f6nem ta\u015f\u0131r.\t\t\t\t<\/div>\n\t\t\t\t\t\t\t<\/div>\n\t\t<\/div>\n\n\t\t\t\t\t\t<\/div>\n\t\t\t\t<\/div>\n\t\t\t\t<\/div>\n\t\t<div class=\"elementor-element elementor-element-b2cedcc e-con-full e-flex e-con e-child\" data-id=\"b2cedcc\" data-element_type=\"container\" data-e-type=\"container\">\n\t\t\t\t<div class=\"elementor-element elementor-element-e970f19 elementor-widget elementor-widget-hfe-infocard\" data-id=\"e970f19\" data-element_type=\"widget\" data-e-type=\"widget\" data-widget_type=\"hfe-infocard.default\">\n\t\t\t\t<div class=\"elementor-widget-container\">\n\t\t\t\t\t\n\t\t<div class=\"hfe-infocard\">\n\t\t\t\t\t\t\t\t\t<div class=\"hfe-infocard-title-wrap\">\n\t\t\t\t<h2 class=\"hfe-infocard-title elementor-inline-editing\" data-elementor-setting-key=\"infocard_title\" data-elementor-inline-editing-toolbar=\"basic\" >Genel G\u00f6z Muayenesi Neleri Kapsar?<\/h2>\t\t\t<\/div>\n\t\t\t\t\t\t<div class=\"hfe-infocard-text-wrap\">\n\t\t\t\t<div class=\"hfe-infocard-text elementor-inline-editing\" data-elementor-setting-key=\"infocard_description\" data-elementor-inline-editing-toolbar=\"advanced\">\n\t\t\t\t\tGenel g\u00f6z muayenesi s\u0131ras\u0131nda g\u00f6rme keskinli\u011fi \u00f6l\u00e7\u00fcl\u00fcr, g\u00f6z tansiyonu de\u011ferlendirilir ve g\u00f6z\u00fcn \u00f6n segmenti ile retina muayenesi yap\u0131l\u0131r. Gerekli g\u00f6r\u00fclen durumlarda ileri tetkiklere ba\u015fvurulabilir. Bu de\u011ferlendirmeler, g\u00f6z\u00fcn genel durumu hakk\u0131nda b\u00fct\u00fcnc\u00fcl bir bak\u0131\u015f sa\u011flar.\t\t\t\t<\/div>\n\t\t\t\t\t\t\t<\/div>\n\t\t<\/div>\n\n\t\t\t\t\t\t<\/div>\n\t\t\t\t<\/div>\n\t\t<div class=\"elementor-element elementor-element-42403f5 e-con-full e-flex e-con e-child\" data-id=\"42403f5\" data-element_type=\"container\" data-e-type=\"container\">\n\t\t\t\t<div class=\"elementor-element elementor-element-e14fc5b elementor-widget elementor-widget-hfe-infocard\" data-id=\"e14fc5b\" data-element_type=\"widget\" data-e-type=\"widget\" data-widget_type=\"hfe-infocard.default\">\n\t\t\t\t<div class=\"elementor-widget-container\">\n\t\t\t\t\t\n\t\t<div class=\"hfe-infocard\">\n\t\t\t\t\t\t\t\t\t<div class=\"hfe-infocard-title-wrap\">\n\t\t\t\t<h2 class=\"hfe-infocard-title elementor-inline-editing\" data-elementor-setting-key=\"infocard_title\" data-elementor-inline-editing-toolbar=\"basic\" >Kimler Genel G\u00f6z Muayenesi Yapt\u0131rmal\u0131d\u0131r?<\/h2>\t\t\t<\/div>\n\t\t\t\t\t\t<div class=\"hfe-infocard-text-wrap\">\n\t\t\t\t<div class=\"hfe-infocard-text elementor-inline-editing\" data-elementor-setting-key=\"infocard_description\" data-elementor-inline-editing-toolbar=\"advanced\">\n\t\t\t\t\tGenel g\u00f6z muayenesi, her ya\u015f grubundan birey i\u00e7in \u00f6nemlidir. \u00d6zellikle g\u00f6rme \u015fik\u00e2yeti olanlar, g\u00f6zl\u00fck veya kontakt lens kullananlar, diyabet ve hipertansiyon gibi sistemik hastal\u0131\u011f\u0131 bulunanlar ile ailesinde g\u00f6z hastal\u0131\u011f\u0131 \u00f6yk\u00fcs\u00fc olan bireylerin d\u00fczenli g\u00f6z muayenesi yapt\u0131rmas\u0131 \u00f6nerilir.\t\t\t\t<\/div>\n\t\t\t\t\t\t\t<\/div>\n\t\t<\/div>\n\n\t\t\t\t\t\t<\/div>\n\t\t\t\t<\/div>\n\t\t\t\t<\/div>\n\t\t\t\t<\/div>\n\t\t\t\t<\/div>\n\t\t\t\t<\/div>\n\t\t<div class=\"elementor-element elementor-element-6c2c55b e-con-full e-flex e-con e-parent\" data-id=\"6c2c55b\" data-element_type=\"container\" data-e-type=\"container\">\n\t\t<div class=\"elementor-element elementor-element-90be18c e-con-full e-flex e-con e-child\" data-id=\"90be18c\" data-element_type=\"container\" data-e-type=\"container\" data-settings=\"{&quot;background_background&quot;:&quot;classic&quot;}\">\n\t\t\t\t<div class=\"elementor-element elementor-element-9df1d26 elementor-widget elementor-widget-heading\" data-id=\"9df1d26\" data-element_type=\"widget\" data-e-type=\"widget\" data-widget_type=\"heading.default\">\n\t\t\t\t\t<h2 class=\"elementor-heading-title elementor-size-default\">Genel G\u00f6z Muayenesinde Yakla\u015f\u0131m\u0131m\u0131z<\/h2>\t\t\t\t<\/div>\n\t\t\t\t<div class=\"elementor-element elementor-element-768c1b2 elementor-widget elementor-widget-text-editor\" data-id=\"768c1b2\" data-element_type=\"widget\" data-e-type=\"widget\" data-widget_type=\"text-editor.default\">\n\t\t\t\t\t\t\t\t\t<p data-start=\"625\" data-end=\"798\">Genel g\u00f6z muayenesi, detayl\u0131 de\u011ferlendirme ve hasta odakl\u0131 bir yakla\u015f\u0131m ile ger\u00e7ekle\u015ftirilir. Muayene s\u00fcreci, bireysel ihtiya\u00e7lar ve mevcut bulgular dikkate al\u0131narak planlan\u0131r. G\u00f6z sa\u011fl\u0131\u011f\u0131na y\u00f6nelik de\u011ferlendirme ve takip s\u00fcreci, d\u00fczenli kontrollerle desteklenir.<\/p>\t\t\t\t\t\t\t\t<\/div>\n\t\t\t\t<\/div>\n\t\t\t\t<\/div>\n\t\t<div class=\"elementor-element elementor-element-457f9d4 e-con-full e-flex e-con e-parent\" data-id=\"457f9d4\" data-element_type=\"container\" data-e-type=\"container\">\n\t\t<div class=\"elementor-element elementor-element-c4942bd e-flex e-con-boxed e-con e-child\" data-id=\"c4942bd\" data-element_type=\"container\" data-e-type=\"container\">\n\t\t\t\t\t<div class=\"e-con-inner\">\n\t\t<div class=\"elementor-element elementor-element-8eb06e8 e-con-full e-flex e-con e-child\" data-id=\"8eb06e8\" data-element_type=\"container\" data-e-type=\"container\">\n\t\t\t\t<div class=\"elementor-element elementor-element-b595e52 elementor-button-info elementor-align-center elementor-widget elementor-widget-button\" data-id=\"b595e52\" data-element_type=\"widget\" data-e-type=\"widget\" data-widget_type=\"button.default\">\n\t\t\t\t\t\t\t\t\t\t<a class=\"elementor-button elementor-button-link elementor-size-sm elementor-animation-shrink\" href=\"#4444434\">\n\t\t\t\t\t\t<span class=\"elementor-button-content-wrapper\">\n\t\t\t\t\t\t<span class=\"elementor-button-icon\">\n\t\t\t\t<svg aria-hidden=\"true\" class=\"e-font-icon-svg e-fas-phone-alt\" viewBox=\"0 0 512 512\" xmlns=\"http:\/\/www.w3.org\/2000\/svg\"><path d=\"M497.39 361.8l-112-48a24 24 0 0 0-28 6.9l-49.6 60.6A370.66 370.66 0 0 1 130.6 204.11l60.6-49.6a23.94 23.94 0 0 0 6.9-28l-48-112A24.16 24.16 0 0 0 122.6.61l-104 24A24 24 0 0 0 0 48c0 256.5 207.9 464 464 464a24 24 0 0 0 23.4-18.6l24-104a24.29 24.29 0 0 0-14.01-27.6z\"><\/path><\/svg>\t\t\t<\/span>\n\t\t\t\t\t\t\t\t\t<span class=\"elementor-button-text\">444 44 34<\/span>\n\t\t\t\t\t<\/span>\n\t\t\t\t\t<\/a>\n\t\t\t\t\t\t\t\t<\/div>\n\t\t\t\t<\/div>\n\t\t<div class=\"elementor-element elementor-element-115799f e-con-full e-flex e-con e-child\" data-id=\"115799f\" data-element_type=\"container\" data-e-type=\"container\">\n\t\t\t\t<div class=\"elementor-element elementor-element-bf07150 elementor-button-info elementor-align-center elementor-widget elementor-widget-button\" data-id=\"bf07150\" data-element_type=\"widget\" data-e-type=\"widget\" data-widget_type=\"button.default\">\n\t\t\t\t\t\t\t\t\t\t<a class=\"elementor-button elementor-button-link elementor-size-sm elementor-animation-shrink\" href=\"#4444434\">\n\t\t\t\t\t\t<span class=\"elementor-button-content-wrapper\">\n\t\t\t\t\t\t<span class=\"elementor-button-icon\">\n\t\t\t\t<svg aria-hidden=\"true\" class=\"e-font-icon-svg e-fab-whatsapp\" viewBox=\"0 0 448 512\" xmlns=\"http:\/\/www.w3.org\/2000\/svg\"><path d=\"M380.9 97.1C339 55.1 283.2 32 223.9 32c-122.4 0-222 99.6-222 222 0 39.1 10.2 77.3 29.6 111L0 480l117.7-30.9c32.4 17.7 68.9 27 106.1 27h.1c122.3 0 224.1-99.6 224.1-222 0-59.3-25.2-115-67.1-157zm-157 341.6c-33.2 0-65.7-8.9-94-25.7l-6.7-4-69.8 18.3L72 359.2l-4.4-7c-18.5-29.4-28.2-63.3-28.2-98.2 0-101.7 82.8-184.5 184.6-184.5 49.3 0 95.6 19.2 130.4 54.1 34.8 34.9 56.2 81.2 56.1 130.5 0 101.8-84.9 184.6-186.6 184.6zm101.2-138.2c-5.5-2.8-32.8-16.2-37.9-18-5.1-1.9-8.8-2.8-12.5 2.8-3.7 5.6-14.3 18-17.6 21.8-3.2 3.7-6.5 4.2-12 1.4-32.6-16.3-54-29.1-75.5-66-5.7-9.8 5.7-9.1 16.3-30.3 1.8-3.7.9-6.9-.5-9.7-1.4-2.8-12.5-30.1-17.1-41.2-4.5-10.8-9.1-9.3-12.5-9.5-3.2-.2-6.9-.2-10.6-.2-3.7 0-9.7 1.4-14.8 6.9-5.1 5.6-19.4 19-19.4 46.3 0 27.3 19.9 53.7 22.6 57.4 2.8 3.7 39.1 59.7 94.8 83.8 35.2 15.2 49 16.5 66.6 13.9 10.7-1.6 32.8-13.4 37.4-26.4 4.6-13 4.6-24.1 3.2-26.4-1.3-2.5-5-3.9-10.5-6.6z\"><\/path><\/svg>\t\t\t<\/span>\n\t\t\t\t\t\t\t\t\t<span class=\"elementor-button-text\">+90 534 372 74 14<\/span>\n\t\t\t\t\t<\/span>\n\t\t\t\t\t<\/a>\n\t\t\t\t\t\t\t\t<\/div>\n\t\t\t\t<\/div>\n\t\t<div class=\"elementor-element elementor-element-b13bd6e e-con-full e-flex e-con e-child\" data-id=\"b13bd6e\" data-element_type=\"container\" data-e-type=\"container\">\n\t\t\t\t<div class=\"elementor-element elementor-element-6dc91c9 elementor-button-info elementor-align-center elementor-widget elementor-widget-button\" data-id=\"6dc91c9\" data-element_type=\"widget\" data-e-type=\"widget\" data-widget_type=\"button.default\">\n\t\t\t\t\t\t\t\t\t\t<a class=\"elementor-button elementor-button-link elementor-size-sm elementor-animation-shrink\" href=\"#4444434\">\n\t\t\t\t\t\t<span class=\"elementor-button-content-wrapper\">\n\t\t\t\t\t\t<span class=\"elementor-button-icon\">\n\t\t\t\t<svg aria-hidden=\"true\" class=\"e-font-icon-svg e-fab-whatsapp\" viewBox=\"0 0 448 512\" xmlns=\"http:\/\/www.w3.org\/2000\/svg\"><path d=\"M380.9 97.1C339 55.1 283.2 32 223.9 32c-122.4 0-222 99.6-222 222 0 39.1 10.2 77.3 29.6 111L0 480l117.7-30.9c32.4 17.7 68.9 27 106.1 27h.1c122.3 0 224.1-99.6 224.1-222 0-59.3-25.2-115-67.1-157zm-157 341.6c-33.2 0-65.7-8.9-94-25.7l-6.7-4-69.8 18.3L72 359.2l-4.4-7c-18.5-29.4-28.2-63.3-28.2-98.2 0-101.7 82.8-184.5 184.6-184.5 49.3 0 95.6 19.2 130.4 54.1 34.8 34.9 56.2 81.2 56.1 130.5 0 101.8-84.9 184.6-186.6 184.6zm101.2-138.2c-5.5-2.8-32.8-16.2-37.9-18-5.1-1.9-8.8-2.8-12.5 2.8-3.7 5.6-14.3 18-17.6 21.8-3.2 3.7-6.5 4.2-12 1.4-32.6-16.3-54-29.1-75.5-66-5.7-9.8 5.7-9.1 16.3-30.3 1.8-3.7.9-6.9-.5-9.7-1.4-2.8-12.5-30.1-17.1-41.2-4.5-10.8-9.1-9.3-12.5-9.5-3.2-.2-6.9-.2-10.6-.2-3.7 0-9.7 1.4-14.8 6.9-5.1 5.6-19.4 19-19.4 46.3 0 27.3 19.9 53.7 22.6 57.4 2.8 3.7 39.1 59.7 94.8 83.8 35.2 15.2 49 16.5 66.6 13.9 10.7-1.6 32.8-13.4 37.4-26.4 4.6-13 4.6-24.1 3.2-26.4-1.3-2.5-5-3.9-10.5-6.6z\"><\/path><\/svg>\t\t\t<\/span>\n\t\t\t\t\t\t\t\t\t<span class=\"elementor-button-text\">info@istanbulgoz.com<\/span>\n\t\t\t\t\t<\/span>\n\t\t\t\t\t<\/a>\n\t\t\t\t\t\t\t\t<\/div>\n\t\t\t\t<\/div>\n\t\t<div class=\"elementor-element elementor-element-1e6ea92 e-con-full e-flex e-con e-child\" data-id=\"1e6ea92\" data-element_type=\"container\" data-e-type=\"container\">\n\t\t\t\t<div class=\"elementor-element elementor-element-c3be974 elementor-button-info elementor-align-center elementor-widget elementor-widget-button\" data-id=\"c3be974\" data-element_type=\"widget\" data-e-type=\"widget\" data-widget_type=\"button.default\">\n\t\t\t\t\t\t\t\t\t\t<a class=\"elementor-button elementor-button-link elementor-size-sm elementor-animation-shrink\" href=\"#4444434\">\n\t\t\t\t\t\t<span class=\"elementor-button-content-wrapper\">\n\t\t\t\t\t\t<span class=\"elementor-button-icon\">\n\t\t\t\t<svg aria-hidden=\"true\" class=\"e-font-icon-svg e-fas-map-pin\" viewBox=\"0 0 288 512\" xmlns=\"http:\/\/www.w3.org\/2000\/svg\"><path d=\"M112 316.94v156.69l22.02 33.02c4.75 7.12 15.22 7.12 19.97 0L176 473.63V316.94c-10.39 1.92-21.06 3.06-32 3.06s-21.61-1.14-32-3.06zM144 0C64.47 0 0 64.47 0 144s64.47 144 144 144 144-64.47 144-144S223.53 0 144 0zm0 76c-37.5 0-68 30.5-68 68 0 6.62-5.38 12-12 12s-12-5.38-12-12c0-50.73 41.28-92 92-92 6.62 0 12 5.38 12 12s-5.38 12-12 12z\"><\/path><\/svg>\t\t\t<\/span>\n\t\t\t\t\t\t\t\t\t<span class=\"elementor-button-text\">\u0130zzettin \u00c7al\u0131\u015flar Cad. Neyyire Neyir Sk. No:3 Bah\u00e7elievler \u2013 \u0130stanbul<\/span>\n\t\t\t\t\t<\/span>\n\t\t\t\t\t<\/a>\n\t\t\t\t\t\t\t\t<\/div>\n\t\t\t\t<\/div>\n\t\t\t\t\t<\/div>\n\t\t\t\t<\/div>\n\t\t\t\t<\/div>\n\t\t<div class=\"elementor-element elementor-element-fecf53a e-con-full e-flex e-con e-parent\" data-id=\"fecf53a\" data-element_type=\"container\" data-e-type=\"container\">\n\t\t\t\t<div class=\"elementor-element elementor-element-c4efca2 elementor-widget elementor-widget-google_maps\" data-id=\"c4efca2\" data-element_type=\"widget\" data-e-type=\"widget\" data-widget_type=\"google_maps.default\">\n\t\t\t\t\t\t\t<div class=\"elementor-custom-embed\">\n\t\t\t<iframe loading=\"lazy\"\n\t\t\t\t\tsrc=\"https:\/\/maps.google.com\/maps?q=Bah%C3%A7elievler%20Mahallesi%20%C4%B0zzettin%20%C3%87al%C4%B1%C5%9Flar%20Caddesi%2C%20Bah%C3%A7elievler%2C%20Neyire%20Neyir%20Sk.%20No%3A3%2C%2034180%20Bah%C3%A7elievler%2F%C4%B0stanbul%2C%20T%C3%BCrkiye&#038;t=m&#038;z=15&#038;output=embed&#038;iwloc=near\"\n\t\t\t\t\ttitle=\"Bah\u00e7elievler Mahallesi \u0130zzettin \u00c7al\u0131\u015flar Caddesi, Bah\u00e7elievler, Neyire Neyir Sk. No:3, 34180 Bah\u00e7elievler\/\u0130stanbul, T\u00fcrkiye\"\n\t\t\t\t\taria-label=\"Bah\u00e7elievler Mahallesi \u0130zzettin \u00c7al\u0131\u015flar Caddesi, Bah\u00e7elievler, Neyire Neyir Sk. No:3, 34180 Bah\u00e7elievler\/\u0130stanbul, T\u00fcrkiye\"\n\t\t\t><\/iframe>\n\t\t<\/div>\n\t\t\t\t\t\t<\/div>\n\t\t\t\t<\/div>\n\t\t\t\t<\/div>\n\t\t","protected":false},"excerpt":{"rendered":"<p>GENEL G\u00d6Z MUAYENES\u0130 G\u00f6z sa\u011fl\u0131\u011f\u0131n\u0131n de\u011ferlendirilmesine y\u00f6nelik kapsaml\u0131 muayene yakla\u015f\u0131m\u0131 Genel G\u00f6z Muayenesi Nedir? Genel g\u00f6z muayenesi, g\u00f6z sa\u011fl\u0131\u011f\u0131n\u0131n de\u011ferlendirilmesi ve olas\u0131 g\u00f6z hastal\u0131klar\u0131n\u0131n erken d\u00f6nemde tespit edilmesi amac\u0131yla yap\u0131lan kapsaml\u0131 bir incelemedir. G\u00f6rme d\u00fczeyinin belirlenmesinin yan\u0131 s\u0131ra g\u00f6z\u00fcn \u00f6n ve arka segment yap\u0131lar\u0131 ayr\u0131nt\u0131l\u0131 olarak de\u011ferlendirilir. D\u00fczenli aral\u0131klarla yap\u0131lan g\u00f6z muayeneleri, g\u00f6z sa\u011fl\u0131\u011f\u0131n\u0131n korunmas\u0131 [&hellip;]<\/p>\n","protected":false},"author":1,"featured_media":0,"parent":0,"menu_order":0,"comment_status":"closed","ping_status":"closed","template":"elementor_header_footer","meta":{"_acf_changed":false,"_eb_attr":"","footnotes":""},"class_list":["post-762","page","type-page","status-publish","hentry"],"acf":[],"_links":{"self":[{"href":"https:\/\/igh.laborange.com\/index.php\/wp-json\/wp\/v2\/pages\/762","targetHints":{"allow":["GET"]}}],"collection":[{"href":"https:\/\/igh.laborange.com\/index.php\/wp-json\/wp\/v2\/pages"}],"about":[{"href":"https:\/\/igh.laborange.com\/index.php\/wp-json\/wp\/v2\/types\/page"}],"author":[{"embeddable":true,"href":"https:\/\/igh.laborange.com\/index.php\/wp-json\/wp\/v2\/users\/1"}],"replies":[{"embeddable":true,"href":"https:\/\/igh.laborange.com\/index.php\/wp-json\/wp\/v2\/comments?post=762"}],"version-history":[{"count":9,"href":"https:\/\/igh.laborange.com\/index.php\/wp-json\/wp\/v2\/pages\/762\/revisions"}],"predecessor-version":[{"id":771,"href":"https:\/\/igh.laborange.com\/index.php\/wp-json\/wp\/v2\/pages\/762\/revisions\/771"}],"wp:attachment":[{"href":"https:\/\/igh.laborange.com\/index.php\/wp-json\/wp\/v2\/media?parent=762"}],"curies":[{"name":"wp","href":"https:\/\/api.w.org\/{rel}","templated":true}]}}