{"id":15,"date":"2025-10-27T09:06:13","date_gmt":"2025-10-27T09:06:13","guid":{"rendered":"https:\/\/igh.laborange.com\/?page_id=15"},"modified":"2026-02-24T10:55:59","modified_gmt":"2026-02-24T10:55:59","slug":"ana-sayfa","status":"publish","type":"page","link":"https:\/\/igh.laborange.com\/","title":{"rendered":"Ana Sayfa"},"content":{"rendered":"\t\t<div data-elementor-type=\"wp-page\" data-elementor-id=\"15\" class=\"elementor elementor-15\">\n\t\t\t\t<div class=\"elementor-element elementor-element-15f1f81 e-con-full e-flex e-con e-parent\" data-id=\"15f1f81\" data-element_type=\"container\" data-e-type=\"container\">\n\t\t\t\t<\/div>\n\t\t<div class=\"elementor-element elementor-element-577bc8e e-flex e-con-boxed e-con e-parent\" data-id=\"577bc8e\" data-element_type=\"container\" data-e-type=\"container\">\n\t\t\t\t\t<div class=\"e-con-inner\">\n\t\t\t\t<div class=\"elementor-element elementor-element-f7efeb1 elementor-widget elementor-widget-spacer\" data-id=\"f7efeb1\" data-element_type=\"widget\" data-e-type=\"widget\" data-widget_type=\"spacer.default\">\n\t\t\t\t\t\t\t<div class=\"elementor-spacer\">\n\t\t\t<div class=\"elementor-spacer-inner\"><\/div>\n\t\t<\/div>\n\t\t\t\t\t\t<\/div>\n\t\t\t\t<div class=\"elementor-element elementor-element-2ec7761 elementor-widget elementor-widget-heading\" data-id=\"2ec7761\" data-element_type=\"widget\" data-e-type=\"widget\" data-widget_type=\"heading.default\">\n\t\t\t\t\t<h2 class=\"elementor-heading-title elementor-size-default\">UZMANLIKLARIMIZ<\/h2>\t\t\t\t<\/div>\n\t\t\t\t<div class=\"elementor-element elementor-element-aaee551 elementor-widget elementor-widget-spacer\" data-id=\"aaee551\" data-element_type=\"widget\" data-e-type=\"widget\" data-widget_type=\"spacer.default\">\n\t\t\t\t\t\t\t<div class=\"elementor-spacer\">\n\t\t\t<div class=\"elementor-spacer-inner\"><\/div>\n\t\t<\/div>\n\t\t\t\t\t\t<\/div>\n\t\t\t\t\t<\/div>\n\t\t\t\t<\/div>\n\t\t<div class=\"elementor-element elementor-element-3442fd9 e-grid e-con-full e-con e-parent\" data-id=\"3442fd9\" data-element_type=\"container\" data-e-type=\"container\" data-settings=\"{&quot;shape_divider_top&quot;:&quot;drops&quot;}\">\n\t\t\t\t<div class=\"elementor-shape elementor-shape-top\" aria-hidden=\"true\" data-negative=\"false\">\n\t\t\t<svg xmlns=\"http:\/\/www.w3.org\/2000\/svg\" height=\"100%\" viewBox=\"0 0 283.5 27.8\" preserveAspectRatio=\"xMidYMax slice\">\n\t<path class=\"elementor-shape-fill\" d=\"M0 0v1.4c.6.7 1.1 1.4 1.4 2 2 3.8 2.2 6.6 1.8 10.8-.3 3.3-2.4 9.4 0 12.3 1.7 2 3.7 1.4 4.6-.9 1.4-3.8-.7-8.2-.6-12 .1-3.7 3.2-5.5 6.9-4.9 4 .6 4.8 4 4.9 7.4.1 1.8-1.1 7 0 8.5.6.8 1.6 1.2 2.4.5 1.4-1.1.1-5.4.1-6.9.1-3.7.3-8.6 4.1-10.5 5-2.5 6.2 1.6 5.4 5.6-.4 1.7-1 9.2 2.9 6.3 1.5-1.1.7-3.5.5-4.9-.4-2.4-.4-4.3 1-6.5.9-1.4 2.4-3.1 4.2-3 2.4.1 2.7 2.2 4 3.7 1.5 1.8 1.8 2.2 3 .1 1.1-1.9 1.2-2.8 3.6-3.3 1.3-.3 4.8-1.4 5.9-.5 1.5 1.1.6 2.8.4 4.3-.2 1.1-.6 4 1.8 3.4 1.7-.4-.3-4.1.6-5.6 1.3-2.2 5.8-1.4 7 .5 1.3 2.1.5 5.8.1 8.1s-1.2 5-.6 7.4c1.3 5.1 4.4.9 4.3-2.4-.1-4.4-2-8.8-.5-13 .9-2.4 4.6-6.6 7.7-4.5 2.7 1.8.5 7.8.2 10.3-.2 1.7-.8 4.6.2 6.2.9 1.4 2 1.5 2.6-.3.5-1.5-.9-4.5-1-6.1-.2-1.7-.4-3.7.2-5.4 1.8-5.6 3.5 2.4 6.3.6 1.4-.9 4.3-9.4 6.1-3.1.6 2.2-1.3 7.8.7 8.9 4.2 2.3 1.5-7.1 2.2-8 3.1-4 4.7 3.8 6.1 4.1 3.1.7 2.8-7.9 8.1-4.5 1.7 1.1 2.9 3.3 3.2 5.2.4 2.2-1 4.5-.6 6.6 1 4.3 4.4 1.5 4.4-1.7 0-2.7-3-8.3 1.4-9.1 4.4-.9 7.3 3.5 7.8 6.9.3 2-1.5 10.9 1.3 11.3 4.1.6-3.2-15.7 4.8-15.8 4.7-.1 2.8 4.1 3.9 6.6 1 2.4 2.1 1 2.3-.8.3-1.9-.9-3.2 1.3-4.3 5.9-2.9 5.9 5.4 5.5 8.5-.3 2-1.7 8.4 2 8.1 6.9-.5-2.8-16.9 4.8-18.7 4.7-1.2 6.1 3.6 6.3 7.1.1 1.7-1.2 8.1.6 9.1 3.5 2 1.9-7 2-8.4.2-4 1.2-9.6 6.4-9.8 4.7-.2 3.2 4.6 2.7 7.5-.4 2.2 1.3 8.6 3.8 4.4 1.1-1.9-.3-4.1-.3-6 0-1.7.4-3.2 1.3-4.6 1-1.6 2.9-3.5 5.1-2.9 2.5.6 2.3 4.1 4.1 4.9 1.9.8 1.6-.9 2.3-2.1 1.2-2.1 2.1-2.1 4.4-2.4 1.4-.2 3.6-1.5 4.9-.5 2.3 1.7-.7 4.4.1 6.5.6 1.5 2.1 1.7 2.8.3.7-1.4-1.1-3.4-.3-4.8 1.4-2.5 6.2-1.2 7.2 1 2.3 4.8-3.3 12-.2 16.3 3 4.1 3.9-2.8 3.8-4.8-.4-4.3-2.1-8.9 0-13.1 1.3-2.5 5.9-5.7 7.9-2.4 2 3.2-1.3 9.8-.8 13.4.5 4.4 3.5 3.3 2.7-.8-.4-1.9-2.4-10 .6-11.1 3.7-1.4 2.8 7.2 6.5.4 2.2-4.1 4.9-3.1 5.2 1.2.1 1.5-.6 3.1-.4 4.6.2 1.9 1.8 3.7 3.3 1.3 1-1.6-2.6-10.4 2.9-7.3 2.6 1.5 1.6 6.5 4.8 2.7 1.3-1.5 1.7-3.6 4-3.7 2.2-.1 4 2.3 4.8 4.1 1.3 2.9-1.5 8.4.9 10.3 4.2 3.3 3-5.5 2.7-6.9-.6-3.9 1-7.2 5.5-5 4.1 2.1 4.3 7.7 4.1 11.6 0 .8-.6 9.5 2.5 5.2 1.2-1.7-.1-7.7.1-9.6.3-2.9 1.2-5.5 4.3-6.2 4.5-1 7.7 1.5 7.4 5.8-.2 3.5-1.8 7.7-.5 11.1 1 2.7 3.6 2.8 5 .2 1.6-3.1 0-8.3-.4-11.6-.4-4.2-.2-7 1.8-10.8 0 0-.1.1-.1.2-.2.4-.3.7-.4.8v.1c-.1.2-.1.2 0 0v-.1l.4-.8c0-.1.1-.1.1-.2.2-.4.5-.8.8-1.2V0H0zM282.7 3.4z\"\/>\n<\/svg>\t\t<\/div>\n\t\t\t\t<div class=\"elementor-element elementor-element-9860233 elementor-view-default elementor-position-block-start elementor-mobile-position-block-start elementor-widget elementor-widget-icon-box\" data-id=\"9860233\" data-element_type=\"widget\" data-e-type=\"widget\" data-widget_type=\"icon-box.default\">\n\t\t\t\t\t\t\t<div class=\"elementor-icon-box-wrapper\">\n\n\t\t\t\t\t\t<div class=\"elementor-icon-box-icon\">\n\t\t\t\t<a href=\"https:\/\/igh.laborange.com\/index.php\/katarakt\/\" class=\"elementor-icon\" tabindex=\"-1\" aria-label=\"Katarakt\">\n\t\t\t\t<svg aria-hidden=\"true\" class=\"e-font-icon-svg e-fas-eye\" viewBox=\"0 0 576 512\" xmlns=\"http:\/\/www.w3.org\/2000\/svg\"><path d=\"M572.52 241.4C518.29 135.59 410.93 64 288 64S57.68 135.64 3.48 241.41a32.35 32.35 0 0 0 0 29.19C57.71 376.41 165.07 448 288 448s230.32-71.64 284.52-177.41a32.35 32.35 0 0 0 0-29.19zM288 400a144 144 0 1 1 144-144 143.93 143.93 0 0 1-144 144zm0-240a95.31 95.31 0 0 0-25.31 3.79 47.85 47.85 0 0 1-66.9 66.9A95.78 95.78 0 1 0 288 160z\"><\/path><\/svg>\t\t\t\t<\/a>\n\t\t\t<\/div>\n\t\t\t\n\t\t\t\t\t\t<div class=\"elementor-icon-box-content\">\n\n\t\t\t\t\t\t\t\t\t<h3 class=\"elementor-icon-box-title\">\n\t\t\t\t\t\t<a href=\"https:\/\/igh.laborange.com\/index.php\/katarakt\/\" >\n\t\t\t\t\t\t\tKatarakt\t\t\t\t\t\t<\/a>\n\t\t\t\t\t<\/h3>\n\t\t\t\t\n\t\t\t\t\t\t\t\t\t<p class=\"elementor-icon-box-description\">\n\t\t\t\t\t\t<i>Bulan\u0131kla\u015fan do\u011fal merce\u011fin al\u0131narak yapay g\u00f6z i\u00e7i mercekle de\u011fi\u015ftirildi\u011fi modern ve a\u011fr\u0131s\u0131z cerrahi y\u00f6ntemdir.<\/i>\t\t\t\t\t<\/p>\n\t\t\t\t\n\t\t\t<\/div>\n\t\t\t\n\t\t<\/div>\n\t\t\t\t\t\t<\/div>\n\t\t\t\t<div class=\"elementor-element elementor-element-c580f1e elementor-view-default elementor-position-block-start elementor-mobile-position-block-start elementor-widget elementor-widget-icon-box\" data-id=\"c580f1e\" data-element_type=\"widget\" data-e-type=\"widget\" data-widget_type=\"icon-box.default\">\n\t\t\t\t\t\t\t<div class=\"elementor-icon-box-wrapper\">\n\n\t\t\t\t\t\t<div class=\"elementor-icon-box-icon\">\n\t\t\t\t<a href=\"https:\/\/igh.laborange.com\/index.php\/excimer-lazer\/\" class=\"elementor-icon\" tabindex=\"-1\" aria-label=\"Excimer Lazer\">\n\t\t\t\t<svg aria-hidden=\"true\" class=\"e-font-icon-svg e-fab-phabricator\" viewBox=\"0 0 496 512\" xmlns=\"http:\/\/www.w3.org\/2000\/svg\"><path d=\"M323 262.1l-.1-13s21.7-19.8 21.1-21.2l-9.5-20c-.6-1.4-29.5-.5-29.5-.5l-9.4-9.3s.2-28.5-1.2-29.1l-20.1-9.2c-1.4-.6-20.7 21-20.7 21l-13.1-.2s-20.5-21.4-21.9-20.8l-20 8.3c-1.4.5.2 28.9.2 28.9l-9.1 9.1s-29.2-.9-29.7.4l-8.1 19.8c-.6 1.4 21 21 21 21l.1 12.9s-21.7 19.8-21.1 21.2l9.5 20c.6 1.4 29.5.5 29.5.5l9.4 9.3s-.2 31.8 1.2 32.3l20.1 8.3c1.4.6 20.7-23.5 20.7-23.5l13.1.2s20.5 23.8 21.8 23.3l20-7.5c1.4-.6-.2-32.1-.2-32.1l9.1-9.1s29.2.9 29.7-.5l8.1-19.8c.7-1.1-20.9-20.7-20.9-20.7zm-44.9-8.7c.7 17.1-12.8 31.6-30.1 32.4-17.3.8-32.1-12.5-32.8-29.6-.7-17.1 12.8-31.6 30.1-32.3 17.3-.8 32.1 12.5 32.8 29.5zm201.2-37.9l-97-97-.1.1c-75.1-73.3-195.4-72.8-269.8 1.6-50.9 51-27.8 27.9-95.7 95.3-22.3 22.3-22.3 58.7 0 81 69.9 69.4 46.4 46 97.4 97l.1-.1c75.1 73.3 195.4 72.9 269.8-1.6 51-50.9 27.9-27.9 95.3-95.3 22.3-22.3 22.3-58.7 0-81zM140.4 363.8c-59.6-59.5-59.6-156 0-215.5 59.5-59.6 156-59.5 215.6 0 59.5 59.5 59.6 156 0 215.6-59.6 59.5-156 59.4-215.6-.1z\"><\/path><\/svg>\t\t\t\t<\/a>\n\t\t\t<\/div>\n\t\t\t\n\t\t\t\t\t\t<div class=\"elementor-icon-box-content\">\n\n\t\t\t\t\t\t\t\t\t<h3 class=\"elementor-icon-box-title\">\n\t\t\t\t\t\t<a href=\"https:\/\/igh.laborange.com\/index.php\/excimer-lazer\/\" >\n\t\t\t\t\t\t\tExcimer Lazer\t\t\t\t\t\t<\/a>\n\t\t\t\t\t<\/h3>\n\t\t\t\t\n\t\t\t\t\t\t\t\t\t<p class=\"elementor-icon-box-description\">\n\t\t\t\t\t\t<i>Miyop, hipermetrop ve astigmat tedavisinde ki\u015fiye \u00f6zel planlanan, h\u0131zl\u0131 ve g\u00fcvenli lazer i\u015flemi.<\/i>\t\t\t\t\t<\/p>\n\t\t\t\t\n\t\t\t<\/div>\n\t\t\t\n\t\t<\/div>\n\t\t\t\t\t\t<\/div>\n\t\t\t\t<div class=\"elementor-element elementor-element-7c7734b elementor-view-default elementor-position-block-start elementor-mobile-position-block-start elementor-widget elementor-widget-icon-box\" data-id=\"7c7734b\" data-element_type=\"widget\" data-e-type=\"widget\" data-widget_type=\"icon-box.default\">\n\t\t\t\t\t\t\t<div class=\"elementor-icon-box-wrapper\">\n\n\t\t\t\t\t\t<div class=\"elementor-icon-box-icon\">\n\t\t\t\t<a href=\"https:\/\/igh.laborange.com\/index.php\/okuloplasti-2\/\" class=\"elementor-icon\" tabindex=\"-1\" aria-label=\"Ok\u00fcloplasti\">\n\t\t\t\t<svg aria-hidden=\"true\" class=\"e-font-icon-svg e-far-grin-beam\" viewBox=\"0 0 496 512\" xmlns=\"http:\/\/www.w3.org\/2000\/svg\"><path d=\"M248 8C111 8 0 119 0 256s111 248 248 248 248-111 248-248S385 8 248 8zm0 448c-110.3 0-200-89.7-200-200S137.7 56 248 56s200 89.7 200 200-89.7 200-200 200zm105.6-151.4c-25.9 8.3-64.4 13.1-105.6 13.1s-79.6-4.8-105.6-13.1c-9.8-3.1-19.4 5.3-17.7 15.3 7.9 47.1 71.3 80 123.3 80s115.3-32.9 123.3-80c1.6-9.8-7.7-18.4-17.7-15.3zm-235.9-72.9c3.5 1.1 7.4-.5 9.3-3.7l9.5-17c7.7-13.7 19.2-21.6 31.5-21.6s23.8 7.9 31.5 21.6l9.5 17c2.1 3.7 6.2 4.7 9.3 3.7 3.6-1.1 6-4.5 5.7-8.3-3.3-42.1-32.2-71.4-56-71.4s-52.7 29.3-56 71.4c-.3 3.7 2.1 7.2 5.7 8.3zm160 0c3.5 1.1 7.4-.5 9.3-3.7l9.5-17c7.7-13.7 19.2-21.6 31.5-21.6s23.8 7.9 31.5 21.6l9.5 17c2.1 3.7 6.2 4.7 9.3 3.7 3.6-1.1 6-4.5 5.7-8.3-3.3-42.1-32.2-71.4-56-71.4s-52.7 29.3-56 71.4c-.3 3.7 2.1 7.2 5.7 8.3z\"><\/path><\/svg>\t\t\t\t<\/a>\n\t\t\t<\/div>\n\t\t\t\n\t\t\t\t\t\t<div class=\"elementor-icon-box-content\">\n\n\t\t\t\t\t\t\t\t\t<h3 class=\"elementor-icon-box-title\">\n\t\t\t\t\t\t<a href=\"https:\/\/igh.laborange.com\/index.php\/okuloplasti-2\/\" >\n\t\t\t\t\t\t\tOk\u00fcloplasti\t\t\t\t\t\t<\/a>\n\t\t\t\t\t<\/h3>\n\t\t\t\t\n\t\t\t\t\t\t\t\t\t<p class=\"elementor-icon-box-description\">\n\t\t\t\t\t\t<i>G\u00f6z kapa\u011f\u0131 ve g\u00f6z \u00e7evresi problemlerinin estetik ve fonksiyonel olarak d\u00fczeltildi\u011fi cerrahi alan.<\/i>\t\t\t\t\t<\/p>\n\t\t\t\t\n\t\t\t<\/div>\n\t\t\t\n\t\t<\/div>\n\t\t\t\t\t\t<\/div>\n\t\t\t\t<div class=\"elementor-element elementor-element-cad16a9 elementor-view-default elementor-position-block-start elementor-mobile-position-block-start elementor-widget elementor-widget-icon-box\" data-id=\"cad16a9\" data-element_type=\"widget\" data-e-type=\"widget\" data-widget_type=\"icon-box.default\">\n\t\t\t\t\t\t\t<div class=\"elementor-icon-box-wrapper\">\n\n\t\t\t\t\t\t<div class=\"elementor-icon-box-icon\">\n\t\t\t\t<a href=\"https:\/\/igh.laborange.com\/index.php\/glokom\/\" class=\"elementor-icon\" tabindex=\"-1\" aria-label=\"Glokom\">\n\t\t\t\t<svg aria-hidden=\"true\" class=\"e-font-icon-svg e-fas-eye-dropper\" viewBox=\"0 0 512 512\" xmlns=\"http:\/\/www.w3.org\/2000\/svg\"><path d=\"M50.75 333.25c-12 12-18.75 28.28-18.75 45.26V424L0 480l32 32 56-32h45.49c16.97 0 33.25-6.74 45.25-18.74l126.64-126.62-128-128L50.75 333.25zM483.88 28.12c-37.47-37.5-98.28-37.5-135.75 0l-77.09 77.09-13.1-13.1c-9.44-9.44-24.65-9.31-33.94 0l-40.97 40.97c-9.37 9.37-9.37 24.57 0 33.94l161.94 161.94c9.44 9.44 24.65 9.31 33.94 0L419.88 288c9.37-9.37 9.37-24.57 0-33.94l-13.1-13.1 77.09-77.09c37.51-37.48 37.51-98.26.01-135.75z\"><\/path><\/svg>\t\t\t\t<\/a>\n\t\t\t<\/div>\n\t\t\t\n\t\t\t\t\t\t<div class=\"elementor-icon-box-content\">\n\n\t\t\t\t\t\t\t\t\t<h3 class=\"elementor-icon-box-title\">\n\t\t\t\t\t\t<a href=\"https:\/\/igh.laborange.com\/index.php\/glokom\/\" >\n\t\t\t\t\t\t\tGlokom\t\t\t\t\t\t<\/a>\n\t\t\t\t\t<\/h3>\n\t\t\t\t\n\t\t\t\t\t\t\t\t\t<p class=\"elementor-icon-box-description\">\n\t\t\t\t\t\t<i>G\u00f6z i\u00e7i bas\u0131nc\u0131n\u0131n y\u00fckselmesi sonucu olu\u015fan g\u00f6rme siniri hasar\u0131n\u0131n erken te\u015fhisle kontrol alt\u0131na al\u0131nmas\u0131.<\/i>\t\t\t\t\t<\/p>\n\t\t\t\t\n\t\t\t<\/div>\n\t\t\t\n\t\t<\/div>\n\t\t\t\t\t\t<\/div>\n\t\t\t\t<\/div>\n\t\t<div class=\"elementor-element elementor-element-8fe0f6f e-flex e-con-boxed e-con e-parent\" data-id=\"8fe0f6f\" data-element_type=\"container\" data-e-type=\"container\">\n\t\t\t\t\t<div class=\"e-con-inner\">\n\t\t\t\t<div class=\"elementor-element elementor-element-b334f34 elementor-widget elementor-widget-spacer\" data-id=\"b334f34\" data-element_type=\"widget\" data-e-type=\"widget\" data-widget_type=\"spacer.default\">\n\t\t\t\t\t\t\t<div class=\"elementor-spacer\">\n\t\t\t<div class=\"elementor-spacer-inner\"><\/div>\n\t\t<\/div>\n\t\t\t\t\t\t<\/div>\n\t\t\t\t\t<\/div>\n\t\t\t\t<\/div>\n\t\t<div class=\"elementor-element elementor-element-40720dd e-grid e-con-full e-con e-parent\" data-id=\"40720dd\" data-element_type=\"container\" data-e-type=\"container\">\n\t\t\t\t<div class=\"elementor-element elementor-element-76a61ba elementor-widget elementor-widget-icon-box\" data-id=\"76a61ba\" data-element_type=\"widget\" data-e-type=\"widget\" data-widget_type=\"icon-box.default\">\n\t\t\t\t\t\t\t<div class=\"elementor-icon-box-wrapper\">\n\n\t\t\t\n\t\t\t\t\t\t<div class=\"elementor-icon-box-content\">\n\n\t\t\t\t\t\t\t\t\t<h3 class=\"elementor-icon-box-title\">\n\t\t\t\t\t\t<a href=\"https:\/\/igh.laborange.com\/index.php\/hakkimizda\/\" >\n\t\t\t\t\t\t\t<br>\u0130stanbul G\u00f6z Hastanesi \t\t\t\t\t\t<\/a>\n\t\t\t\t\t<\/h3>\n\t\t\t\t\n\t\t\t\t\t\t\t\t\t<p class=\"elementor-icon-box-description\">\n\t\t\t\t\t\t<br>Modern teknolojiler, uzman hekim kadrosu ve hasta odakl\u0131 yakla\u015f\u0131m\u0131yla \u0130stanbul G\u00f6z Hastanesi; 2001 y\u0131l\u0131ndan bu yana g\u00f6z sa\u011fl\u0131\u011f\u0131 alan\u0131nda uluslararas\u0131 standartlarda hizmet sunmaktad\u0131r.<br><br>Katarakt, Excimer lazer, retina, \u015fa\u015f\u0131l\u0131k, glokom ve ok\u00fcloplastik cerrahi d\u00e2hil geni\u015f bir yelpazede te\u015fhis ve tedavi se\u00e7enekleri sunuyoruz. Amac\u0131m\u0131z; her hastaya en do\u011fru tedaviyi, en konforlu \u015fekilde ula\u015ft\u0131rmak.\t\t\t\t\t<\/p>\n\t\t\t\t\n\t\t\t<\/div>\n\t\t\t\n\t\t<\/div>\n\t\t\t\t\t\t<\/div>\n\t\t\t\t<div class=\"elementor-element elementor-element-e740748 elementor-widget__width-initial elementor-widget elementor-widget-video\" data-id=\"e740748\" data-element_type=\"widget\" data-e-type=\"widget\" data-settings=\"{&quot;youtube_url&quot;:&quot;https:\\\/\\\/youtu.be\\\/wqRrXhDdjLo?si=6-fa16LjMb6CVIPo&quot;,&quot;autoplay&quot;:&quot;yes&quot;,&quot;play_on_mobile&quot;:&quot;yes&quot;,&quot;mute&quot;:&quot;yes&quot;,&quot;loop&quot;:&quot;yes&quot;,&quot;video_type&quot;:&quot;youtube&quot;,&quot;controls&quot;:&quot;yes&quot;}\" data-widget_type=\"video.default\">\n\t\t\t\t\t\t\t<div class=\"elementor-wrapper elementor-open-inline\">\n\t\t\t<div class=\"elementor-video\"><\/div>\t\t<\/div>\n\t\t\t\t\t\t<\/div>\n\t\t\t\t<\/div>\n\t\t<div class=\"elementor-element elementor-element-3b7b3d8 e-flex e-con-boxed e-con e-parent\" data-id=\"3b7b3d8\" data-element_type=\"container\" data-e-type=\"container\">\n\t\t\t\t\t<div class=\"e-con-inner\">\n\t\t\t\t<div class=\"elementor-element elementor-element-29a4daf elementor-widget elementor-widget-spacer\" data-id=\"29a4daf\" data-element_type=\"widget\" data-e-type=\"widget\" data-widget_type=\"spacer.default\">\n\t\t\t\t\t\t\t<div class=\"elementor-spacer\">\n\t\t\t<div class=\"elementor-spacer-inner\"><\/div>\n\t\t<\/div>\n\t\t\t\t\t\t<\/div>\n\t\t\t\t\t<\/div>\n\t\t\t\t<\/div>\n\t\t<div class=\"elementor-element elementor-element-8b8753f e-con-full e-flex e-con e-parent\" data-id=\"8b8753f\" data-element_type=\"container\" data-e-type=\"container\" data-settings=\"{&quot;background_background&quot;:&quot;classic&quot;}\">\n\t\t\t\t<div class=\"elementor-element elementor-element-30318fe elementor-widget elementor-widget-heading\" data-id=\"30318fe\" data-element_type=\"widget\" data-e-type=\"widget\" data-widget_type=\"heading.default\">\n\t\t\t\t\t<h4 class=\"elementor-heading-title elementor-size-default\">Deneyimli Hekim Kadromuz<\/h4>\t\t\t\t<\/div>\n\t\t\t\t<div class=\"elementor-element elementor-element-5128d34 elementor-widget__width-inherit elementor-widget elementor-widget-text-editor\" data-id=\"5128d34\" data-element_type=\"widget\" data-e-type=\"widget\" data-widget_type=\"text-editor.default\">\n\t\t\t\t\t\t\t\t\t<p><span style=\"color: #333333;\">\u0130stanbul G\u00f6z Hastanesi; katarakt, lazer, retina, \u015fa\u015f\u0131l\u0131k, glokom ve ok\u00fcloplastik cerrahi alanlar\u0131nda uzmanla\u015fm\u0131\u015f geni\u015f bir hekim kadrosuyla hizmet vermektedir. T\u00fcm birimlerimiz, ileri teknoloji ve g\u00fcncel tedavi y\u00f6ntemleriyle \u00e7al\u0131\u015fmaktad\u0131r.<\/span><\/p>\t\t\t\t\t\t\t\t<\/div>\n\t\t\t\t<div class=\"elementor-element elementor-element-f965e3f elementor-widget elementor-widget-eael-creative-button\" data-id=\"f965e3f\" data-element_type=\"widget\" data-e-type=\"widget\" data-widget_type=\"eael-creative-button.default\">\n\t\t\t\t\t        <div class=\"eael-creative-button-wrapper\">\n\n            <a class=\"eael-creative-button eael-creative-button--wayra eael-cb-icon-position-left\" href=\"https:\/\/igh.laborange.com\/index.php\/doktorlarimiz\/\" target=\"_blank\" data-text=\"\">\n            \t    \n                <div class=\"creative-button-inner\">\n\n                                            <span class=\"eael-creative-button-icon-left\"><svg aria-hidden=\"true\" class=\"e-font-icon-svg e-far-check-circle\" viewBox=\"0 0 512 512\" xmlns=\"http:\/\/www.w3.org\/2000\/svg\"><path d=\"M256 8C119.033 8 8 119.033 8 256s111.033 248 248 248 248-111.033 248-248S392.967 8 256 8zm0 48c110.532 0 200 89.451 200 200 0 110.532-89.451 200-200 200-110.532 0-200-89.451-200-200 0-110.532 89.451-200 200-200m140.204 130.267l-22.536-22.718c-4.667-4.705-12.265-4.736-16.97-.068L215.346 303.697l-59.792-60.277c-4.667-4.705-12.265-4.736-16.97-.069l-22.719 22.536c-4.705 4.667-4.736 12.265-.068 16.971l90.781 91.516c4.667 4.705 12.265 4.736 16.97.068l172.589-171.204c4.704-4.668 4.734-12.266.067-16.971z\"><\/path><\/svg><\/span>                    \n                    <span class=\"cretive-button-text\">T\u00fcm Doktorlar\u0131m\u0131z\u0131 G\u00f6r<\/span>\n\n                                    <\/div>\n\t                        <\/a>\n        <\/div>\n        \t\t\t\t<\/div>\n\t\t\t\t<\/div>\n\t\t<div class=\"elementor-element elementor-element-91a2ada e-flex e-con-boxed e-con e-parent\" data-id=\"91a2ada\" data-element_type=\"container\" data-e-type=\"container\">\n\t\t\t\t\t<div class=\"e-con-inner\">\n\t\t\t\t<div class=\"elementor-element elementor-element-175d8f5 elementor-widget elementor-widget-spacer\" data-id=\"175d8f5\" data-element_type=\"widget\" data-e-type=\"widget\" data-widget_type=\"spacer.default\">\n\t\t\t\t\t\t\t<div class=\"elementor-spacer\">\n\t\t\t<div class=\"elementor-spacer-inner\"><\/div>\n\t\t<\/div>\n\t\t\t\t\t\t<\/div>\n\t\t\t\t\t<\/div>\n\t\t\t\t<\/div>\n\t\t<div class=\"elementor-element elementor-element-fe1c3c6 e-con-full e-flex e-con e-parent\" data-id=\"fe1c3c6\" data-element_type=\"container\" data-e-type=\"container\">\n\t\t\t\t<div class=\"elementor-element elementor-element-29f25fe elementor-widget elementor-widget-google_maps\" data-id=\"29f25fe\" data-element_type=\"widget\" data-e-type=\"widget\" data-widget_type=\"google_maps.default\">\n\t\t\t\t\t\t\t<div class=\"elementor-custom-embed\">\n\t\t\t<iframe loading=\"lazy\"\n\t\t\t\t\tsrc=\"https:\/\/maps.google.com\/maps?q=Bah%C3%A7elievler%20Mahallesi%20%C4%B0zzettin%20%C3%87al%C4%B1%C5%9Flar%20Caddesi%2C%20Bah%C3%A7elievler%2C%20Neyire%20Neyir%20Sk.%20No%3A3%2C%2034180%20Bah%C3%A7elievler%2F%C4%B0stanbul%2C%20T%C3%BCrkiye&#038;t=m&#038;z=15&#038;output=embed&#038;iwloc=near\"\n\t\t\t\t\ttitle=\"Bah\u00e7elievler Mahallesi \u0130zzettin \u00c7al\u0131\u015flar Caddesi, Bah\u00e7elievler, Neyire Neyir Sk. No:3, 34180 Bah\u00e7elievler\/\u0130stanbul, T\u00fcrkiye\"\n\t\t\t\t\taria-label=\"Bah\u00e7elievler Mahallesi \u0130zzettin \u00c7al\u0131\u015flar Caddesi, Bah\u00e7elievler, Neyire Neyir Sk. No:3, 34180 Bah\u00e7elievler\/\u0130stanbul, T\u00fcrkiye\"\n\t\t\t><\/iframe>\n\t\t<\/div>\n\t\t\t\t\t\t<\/div>\n\t\t\t\t<\/div>\n\t\t\t\t<\/div>\n\t\t","protected":false},"excerpt":{"rendered":"<p>UZMANLIKLARIMIZ Katarakt Bulan\u0131kla\u015fan do\u011fal merce\u011fin al\u0131narak yapay g\u00f6z i\u00e7i mercekle de\u011fi\u015ftirildi\u011fi modern ve a\u011fr\u0131s\u0131z cerrahi y\u00f6ntemdir. Excimer Lazer Miyop, hipermetrop ve astigmat tedavisinde ki\u015fiye \u00f6zel planlanan, h\u0131zl\u0131 ve g\u00fcvenli lazer i\u015flemi. Ok\u00fcloplasti G\u00f6z kapa\u011f\u0131 ve g\u00f6z \u00e7evresi problemlerinin estetik ve fonksiyonel olarak d\u00fczeltildi\u011fi cerrahi alan. Glokom G\u00f6z i\u00e7i bas\u0131nc\u0131n\u0131n y\u00fckselmesi sonucu olu\u015fan g\u00f6rme siniri hasar\u0131n\u0131n [&hellip;]<\/p>\n","protected":false},"author":1,"featured_media":0,"parent":0,"menu_order":0,"comment_status":"closed","ping_status":"closed","template":"elementor_header_footer","meta":{"_acf_changed":false,"_eb_attr":"","footnotes":""},"class_list":["post-15","page","type-page","status-publish","hentry"],"acf":[],"_links":{"self":[{"href":"https:\/\/igh.laborange.com\/index.php\/wp-json\/wp\/v2\/pages\/15","targetHints":{"allow":["GET"]}}],"collection":[{"href":"https:\/\/igh.laborange.com\/index.php\/wp-json\/wp\/v2\/pages"}],"about":[{"href":"https:\/\/igh.laborange.com\/index.php\/wp-json\/wp\/v2\/types\/page"}],"author":[{"embeddable":true,"href":"https:\/\/igh.laborange.com\/index.php\/wp-json\/wp\/v2\/users\/1"}],"replies":[{"embeddable":true,"href":"https:\/\/igh.laborange.com\/index.php\/wp-json\/wp\/v2\/comments?post=15"}],"version-history":[{"count":76,"href":"https:\/\/igh.laborange.com\/index.php\/wp-json\/wp\/v2\/pages\/15\/revisions"}],"predecessor-version":[{"id":1152,"href":"https:\/\/igh.laborange.com\/index.php\/wp-json\/wp\/v2\/pages\/15\/revisions\/1152"}],"wp:attachment":[{"href":"https:\/\/igh.laborange.com\/index.php\/wp-json\/wp\/v2\/media?parent=15"}],"curies":[{"name":"wp","href":"https:\/\/api.w.org\/{rel}","templated":true}]}}